{"id":10086,"date":"2019-10-29T20:17:06","date_gmt":"2019-10-29T20:17:06","guid":{"rendered":"https:\/\/patentkftedenyfenekgyartas.hu\/sutikezelesi-szabalyzat\/"},"modified":"2021-12-03T13:32:12","modified_gmt":"2021-12-03T13:32:12","slug":"%d0%bf%d0%be%d0%bb%d0%b8%d1%82%d0%b8%d0%ba%d0%b0-%d0%b8%d1%81%d0%bf%d0%be%d0%bb%d1%8c%d0%b7%d0%be%d0%b2%d0%b0%d0%bd%d0%b8%d1%8f-%d1%84%d0%b0%d0%b9%d0%bb%d0%be%d0%b2-cookie","status":"publish","type":"page","link":"https:\/\/patentkftedenyfenekgyartas.hu\/ru\/%d0%bf%d0%be%d0%bb%d0%b8%d1%82%d0%b8%d0%ba%d0%b0-%d0%b8%d1%81%d0%bf%d0%be%d0%bb%d1%8c%d0%b7%d0%be%d0%b2%d0%b0%d0%bd%d0%b8%d1%8f-%d1%84%d0%b0%d0%b9%d0%bb%d0%be%d0%b2-cookie\/","title":{"rendered":"\u041f\u043e\u043b\u0438\u0442\u0438\u043a\u0430 \u0438\u0441\u043f\u043e\u043b\u044c\u0437\u043e\u0432\u0430\u043d\u0438\u044f \u0444\u0430\u0439\u043b\u043e\u0432 cookie"},"content":{"rendered":"<div id='av_section_1'  class='avia-section av-32fjyy-e5aa770658799292cac85d063556219c main_color avia-section-default avia-no-shadow  avia-builder-el-0  el_before_av_one_full  avia-builder-el-first  avia-bg-style-scroll container_wrap sidebar_right'  ><div class='container av-section-cont-open' ><main  role=\"main\" itemprop=\"mainContentOfPage\"  class='template-page content  av-content-small alpha units'><div class='post-entry post-entry-type-page post-entry-10086'><div class='entry-content-wrapper clearfix'>\n\n<style type=\"text\/css\" data-created_by=\"avia_inline_auto\" id=\"style-css-av-kwqfex97-af4deb75f52d2a43df7287236e0652bd\">\n#top .av-special-heading.av-kwqfex97-af4deb75f52d2a43df7287236e0652bd{\npadding-bottom:0;\n}\nbody .av-special-heading.av-kwqfex97-af4deb75f52d2a43df7287236e0652bd .av-special-heading-tag .heading-char{\nfont-size:25px;\n}\n.av-special-heading.av-kwqfex97-af4deb75f52d2a43df7287236e0652bd .av-subheading{\nfont-size:15px;\n}\n<\/style>\n<div  class='av-special-heading av-kwqfex97-af4deb75f52d2a43df7287236e0652bd av-special-heading-h1 blockquote modern-quote modern-centered  avia-builder-el-1  el_before_av_hr  avia-builder-el-first '><h1 class='av-special-heading-tag '  itemprop=\"headline\"  >\u041f\u043e\u043b\u0438\u0442\u0438\u043a\u0430 \u0438\u0441\u043f\u043e\u043b\u044c\u0437\u043e\u0432\u0430\u043d\u0438\u044f \u0444\u0430\u0439\u043b\u043e\u0432 cookie<\/h1><div class=\"special-heading-border\"><div class=\"special-heading-inner-border\"><\/div><\/div><\/div>\n\n<style type=\"text\/css\" data-created_by=\"avia_inline_auto\" id=\"style-css-av-k2hb5hcq-8e6384854d4aee9a168f0af94ac998ed\">\n#top .hr.av-k2hb5hcq-8e6384854d4aee9a168f0af94ac998ed{\nmargin-top:20px;\nmargin-bottom:0px;\n}\n.hr.av-k2hb5hcq-8e6384854d4aee9a168f0af94ac998ed .hr-inner{\nwidth:75px;\nborder-color:#12498c;\n}\n<\/style>\n<div  class='hr av-k2hb5hcq-8e6384854d4aee9a168f0af94ac998ed hr-custom  avia-builder-el-2  el_after_av_heading  avia-builder-el-last  hr-center hr-icon-no'><span class='hr-inner inner-border-av-border-thin'><span class=\"hr-inner-style\"><\/span><\/span><\/div>\n<\/div><\/div><\/main><!-- close content main element --><\/div><\/div><div id='after_section_1'  class='main_color av_default_container_wrap container_wrap sidebar_right'  ><div class='container av-section-cont-open' ><div class='template-page content  av-content-small alpha units'><div class='post-entry post-entry-type-page post-entry-10086'><div class='entry-content-wrapper clearfix'>\n<style type=\"text\/css\" data-created_by=\"avia_inline_auto\" id=\"style-css-av-20jqpq-46e100bc14bfba77e6b47b9673fafe5b\">\n.flex_column.av-20jqpq-46e100bc14bfba77e6b47b9673fafe5b{\nborder-radius:0px 0px 0px 0px;\npadding:0px 0px 0px 0px;\n}\n<\/style>\n<div  class='flex_column av-20jqpq-46e100bc14bfba77e6b47b9673fafe5b av_one_full  avia-builder-el-3  el_after_av_section  avia-builder-el-no-sibling  first flex_column_div av-zero-column-padding  '     ><section  class='av_textblock_section av-k2cal0vm-e9e13af6b2ff5f32c5e82eeedb95e8a6 '   itemscope=\"itemscope\" itemtype=\"https:\/\/schema.org\/CreativeWork\" ><div class='avia_textblock'  itemprop=\"text\" ><style type=\"text\/css\">\nh2 {<br \/>\tfont-size: 21px;<br \/>    font-weight: bold;<br \/>    margin: 20px 0;<br \/>}<br \/><\/style>\n<p align=\"justify\">A Patent Kft. \u2013 ak\u00e1rcsak a legt\u00f6bb c\u00e9g \u2013 s\u00fctiket haszn\u00e1l a weboldal\u00e1n.<\/p>\n<p>Ahhoz, hogy szem\u00e9lyre szabott \u00e9s interakt\u00edv m\u00f3don tudjuk megjelen\u00edteni \u00d6nnek az oldalt, el kell t\u00e1rolnunk bizonyos adatokat arra vonatkoz\u00f3an, hogy \u00d6n hogyan haszn\u00e1lja a weboldalunkat. Ez apr\u00f3 sz\u00f6vegf\u00e1jlok, \u00fagynevezett s\u00fctik seg\u00edts\u00e9g\u00e9vel t\u00f6rt\u00e9nik.<\/p>\n<h2 align=\"left\">Mi az a s\u00fcti?<\/h2>\n<p align=\"justify\">A \u201es\u00fctik&#187; r\u00f6vid adatf\u00e1jlok, melyeket a megl\u00e1togatott\u00a0honlap helyez el a felhaszn\u00e1l\u00f3 sz\u00e1m\u00edt\u00f3g\u00e9p\u00e9n, a felhaszn\u00e1l\u00f3 enged\u00e9ly\u00e9vel.\u00a0A cookie c\u00e9lja, hogy az adott infokommunik\u00e1ci\u00f3s,\u00a0internetes szolg\u00e1ltat\u00e1st megk\u00f6nyny\u00edtse,\u00a0k\u00e9nyelmesebb\u00e9 tegye.\u00a0A s\u00fctik az \u00d6n \u00e1ltal haszn\u00e1lt sz\u00e1m\u00edt\u00f3g\u00e9pre vagy egy\u00e9b eszk\u00f6zre t\u00f6lt\u0151dnek le egy webszerverr\u0151l. Az \u00d6n webes b\u00f6ng\u00e9sz\u0151je ezut\u00e1n minden egyes k\u00e9s\u0151bbi l\u00e1togat\u00e1s alkalm\u00e1val visszak\u00fcldi ezeket a s\u00fctiket a weboldalnak, \u00edgy az felismeri \u00d6nt, \u00e9s megjegyzi a be\u00e1ll\u00edt\u00e1sait (p\u00e9ld\u00e1ul a felhaszn\u00e1l\u00f3i preferenci\u00e1kat).\u00a0Sz\u00e1mos fajt\u00e1ja l\u00e9tezik, de \u00e1ltal\u00e1ban k\u00e9t nagy csoportba\u00a0sorolhat\u00f3ak. Az egyik az ideiglenes cookie,\u00a0amelyet a honlap csak egy adott munkamenet\u00a0sor\u00e1n helyez el a felhaszn\u00e1l\u00f3\u00a0eszk\u00f6z\u00e9n, a m\u00e1sik fajt\u00e1ja az \u00e1lland\u00f3\u00a0cookie,\u00a0amely addig a sz\u00e1m\u00edt\u00f3g\u00e9pen marad, am\u00edg a\u00a0felhaszn\u00e1l\u00f3 le nem t\u00f6rli azt.<\/p>\n<h2 align=\"left\">A Patent Kft. milyen s\u00fctiket \u00e9s mire haszn\u00e1l?<\/h2>\n<p align=\"justify\">Az oldalainkon haszn\u00e1lt s\u00fctiket a k\u00f6vetkez\u0151 kateg\u00f3ri\u00e1kba soroljuk:<\/p>\n<ol>\n<li><strong> Felt\u00e9tlen\u00fcl sz\u00fcks\u00e9ges s\u00fctik<\/strong>Ezek a s\u00fctik a weboldalunk \u00e9s az egyes szolg\u00e1ltat\u00e1sok m\u0171k\u00f6d\u00e9s\u00e9hez elengedhetetlenek. Sz\u00fcks\u00e9gesek a honlapunk b\u00f6ng\u00e9sz\u00e9shez, funkci\u00f3inak haszn\u00e1lat\u00e1hoz \u00e9s az oldalon elv\u00e9gzett m\u0171veletek megjegyz\u00e9s\u00e9hez.\u00a0<span data-mce-mark=\"1\">\u00a0Ezek a s\u00fctik m<\/span><span data-mce-mark=\"1\">indig csak az adott l\u00e1togat\u00e1s alatt \u00e9rv\u00e9nyesek, a munkamenet v\u00e9gezt\u00e9vel, illetve a b\u00f6ng\u00e9sz\u0151 bez\u00e1r\u00e1s\u00e1val automatikusan t\u00f6rl\u0151dnek a sz\u00e1m\u00edt\u00f3g\u00e9pr\u0151l.<\/span><\/li>\n<li><strong> Teljes\u00edtm\u00e9ny m\u00e9r\u00e9s\u00e9hez sz\u00fcks\u00e9ges s\u00fctik<\/strong>Weboldalunkat folyamatosan szeretn\u00e9nk fejleszteni \u00e9s jav\u00edtani l\u00e1togat\u00f3ink sz\u00e1m\u00e1ra: ezek a s\u00fctik ezt a c\u00e9lt szolg\u00e1lj\u00e1k azzal, hogy \u00e1ltaluk weboldalunk m\u0171k\u00f6d\u00e9s\u00e9t tudjuk elemezni.Hogyan?\n<p>A Google Analytics s\u00fctikkel inform\u00e1ci\u00f3t gy\u0171jt\u00fcnk weboldalunk haszn\u00e1lat\u00e1r\u00f3l, pl. a l\u00e1togat\u00f3 melyik oldalt n\u00e9zte meg, hova kattintott, h\u00e1ny oldalt keresett meg, milyen hossz\u00fa volt az egyes megtekint\u00e9sek ideje, milyen hiba\u00fczenetekkel tal\u00e1lkozott stb. Fontos, hogy ezek a s\u00fctik nem tudj\u00e1k \u2013 \u00e9s nem is akarj\u00e1k \u2013 konkr\u00e9tan beazonos\u00edtani a l\u00e1togat\u00f3kat (az \u00e9ppen haszn\u00e1lt IP c\u00edmet is csak r\u00e9szben r\u00f6gz\u00edtik). Tov\u00e1bbi inform\u00e1ci\u00f3t itt olvashat r\u00f3luk.<\/li>\n<li><strong> Funkcion\u00e1lis s\u00fctik<\/strong>Megk\u00f6nny\u00edtik \u00e9s \u00e9lvezetesebb\u00e9 teszik a weboldal haszn\u00e1lat\u00e1t: pl. a website eml\u00e9kezni fog r\u00e1, milyen term\u00e9ket tett kor\u00e1bban a kos\u00e1rba.<\/li>\n<li><strong> C\u00e9lz\u00f3 vagy hirdet\u00e9shez haszn\u00e1lt s\u00fctik<\/strong>Ilyenkor a s\u00fctik bizonyos tartalm\u00e1t megosztjuk egy harmadik f\u00e9llel \u2013 akikn\u00e9l hirdet\u00fcnk (b\u00e1rmikor letilthatja ezt a funkci\u00f3t).C\u00e9ljuk, hogy olyan hirdet\u00e9sekkel tal\u00e1lkozzon a l\u00e1togat\u00f3, amelyek sz\u00e1m\u00e1ra \u00e9rdekesek vagy fontosak lehetnek. Megn\u00e9zik pl. hogy milyen oldalakat keresett fel, hova kattintott, h\u00e1ny oldalt n\u00e9zett meg stb. Ezek a s\u00fctik szint\u00e9n nem tudj\u00e1k konkr\u00e9tan beazonos\u00edtani a l\u00e1togat\u00f3kat (az \u00e9ppen haszn\u00e1lt IP c\u00edmet csak r\u00e9szben r\u00f6gz\u00edtik).<\/li>\n<\/ol>\n<h2 align=\"left\">B\u00f6ng\u00e9sz\u0151k be\u00e1ll\u00edt\u00e1sai<\/h2>\n<p align=\"justify\">A weboldalak megfelel\u0151 m\u0171k\u00f6d\u00e9se \u00e9rdek\u00e9ben a legt\u00f6bb b\u00f6ng\u00e9sz\u0151 automatikusan elfogadja a s\u00fctiket.<\/p>\n<p>A legt\u00f6bb b\u00f6ng\u00e9sz\u0151 seg\u00edts\u00e9g\u00e9vel megtekintheti, hogy milyen s\u00fctik akt\u00edvak az \u00d6n sz\u00e1m\u00edt\u00f3g\u00e9p\u00e9n, egyes\u00e9vel t\u00f6r\u00f6lheti azokat, illetve egy adott oldal vagy az \u00f6sszes weboldal s\u00fctijeit letilthatja. Felh\u00edvjuk figyelm\u00e9t, hogy ha \u00d6n az \u00f6sszes s\u00fctit t\u00f6rli, akkor a weboldalon kor\u00e1bban megadott be\u00e1ll\u00edt\u00e1sok elvesznek, \u00edgy az is, ha \u00d6n kor\u00e1bban jelezte, hogy nem enged\u00e9lyezi a s\u00fctik haszn\u00e1lat\u00e1t, hiszen ehhez is egyfajta s\u00fctit kell haszn\u00e1lni. Ha b\u0151vebb t\u00e1j\u00e9koztat\u00e1st szeretne kapni arr\u00f3l, hogy a b\u00f6ng\u00e9sz\u0151k be\u00e1ll\u00edt\u00e1sainak m\u00f3dos\u00edt\u00e1s\u00e1val hogyan tilthatja le a s\u00fctiket, l\u00e1togasson el a http:\/\/www.aboutcookies.org\/ \u00e9s a http:\/\/www.cookiecentral.com\/faq\/ c\u00edmre.<\/p>\n<h2 align=\"left\">Mik azok a harmadik feles s\u00fctik?<\/h2>\n<p align=\"justify\">Oldalainkon m\u00e1s weboldalak linkjeit vagy ikonjait is megtal\u00e1lja \u2013 pl. Facebook Like gomb, YouTube vide\u00f3 linkje, Twitter-oldal ikonja stb. \u2013, melyek az adott oldalra ir\u00e1ny\u00edtanak. Ezek az oldalak is s\u00fctiket haszn\u00e1lnak, amelyekre a vonatkoz\u00f3 szab\u00e1lyokat az adott oldalakon tal\u00e1lja. A Patent Kft. nem ellen\u0151rzi harmadik felek oldalait, \u00e9s nem felel\u0151s m\u00e1s k\u00fcls\u0151 weboldalak tartalm\u00e1\u00e9rt.<\/p>\n<p>Harmadik feles s\u00fcti az is, amiket hirdet\u0151partnereinkt\u0151l kapunk (pl. Google AdWords), hogy kamp\u00e1nyaink sikeress\u00e9g\u00e9t m\u00e9rhess\u00fck vel\u00fck. Ezeket csak bizonyos aloldalak l\u00e1togat\u00e1sakor k\u00fcldj\u00fck el a sz\u00e1m\u00edt\u00f3g\u00e9p\u00e9re, \u00e9s csak az adott aloldal megl\u00e1togat\u00e1s\u00e1nak t\u00e9ny\u00e9t \u00e9s idej\u00e9t t\u00e1roljuk vel\u00fck.<\/p>\n<p>Ezeket a s\u00fctiket a Google hirdet\u00e9si be\u00e1ll\u00edt\u00e1sok kezel\u0151j\u00e9ben tilthatja le, a Google hirdet\u00e9sekkel kapcsolatos adatv\u00e9delmi ir\u00e1nyelveir\u0151l pedig ide kattintva olvashat.<\/p>\n<h2 align=\"left\">Hogyan \u00e9rtes\u00edtj\u00fck a l\u00e1togat\u00f3kat, \u00e9s hogyan k\u00e9rj\u00fck a hozz\u00e1j\u00e1rul\u00e1sukat?<\/h2>\n<p align=\"justify\">Els\u0151 l\u00e1togat\u00e1skor a Patent Kft. honlapj\u00e1n, a k\u00e9perny\u0151 als\u00f3 r\u00e9sz\u00e9n felugrik egy felirat arr\u00f3l, hogy a Patent Kft. azt itt megismerhet\u0151 s\u00fctiket haszn\u00e1lja, illetve egy link, amely ehhez a t\u00e1j\u00e9koztat\u00f3hoz vezet.<\/p>\n<h2 align=\"left\">Hogyan ellen\u0151rizheti \/ t\u00f6r\u00f6lheti \/ t\u00e1vol\u00edthatja el a s\u00fctiket?<\/h2>\n<p align=\"justify\">A weboldalak megfelel\u0151 m\u0171k\u00f6d\u00e9se \u00e9rdek\u00e9ben a legt\u00f6bb b\u00f6ng\u00e9sz\u0151 automatikusan elfogadja a s\u00fctiket.<\/p>\n<p>Fontos tudnia, hogy ha n\u00e9h\u00e1ny vagy az \u00f6sszes s\u00fcti tilt\u00e1sa\/elt\u00e1vol\u00edt\u00e1sa mellett d\u00f6nt \u2013 amit a b\u00f6ng\u00e9sz\u0151je be\u00e1ll\u00edt\u00e1sai k\u00f6z\u00f6tt b\u00e1rmikor megtehet \u2013, az megv\u00e1ltoztathatja a weboldal m\u0171k\u00f6d\u00e9s\u00e9t, ami a sz\u00e1m\u00edt\u00f3g\u00e9pe t\u00f6bbi felhaszn\u00e1l\u00f3j\u00e1t is \u00e9rinteni fogja.<\/p>\n<p>A legn\u00e9pszer\u0171bb b\u00f6ng\u00e9sz\u0151k s\u00fctikkel kapcsolatos be\u00e1ll\u00edt\u00e1sair\u00f3l az al\u00e1bbi linkeken olvashat:<\/p>\n<ul>\n<li><a href=\"https:\/\/support.google.com\/accounts\/answer\/61416?hl=hu\" target=\"_blank\" rel=\"noopener\">Google Chrome<\/a>;<\/li>\n<li><a href=\"https:\/\/support.mozilla.org\/hu\/kb\/sutik-informacio-amelyet-weboldalak-tarolnak-szami?redirectlocale=hu&amp;redirectslug=S%C3%BCtik+kezel%C3%A9se\" target=\"_blank\" rel=\"noopener\">Firefox<\/a>;<\/li>\n<li><a href=\"http:\/\/windows.microsoft.com\/hu-hu\/internet-explorer\/delete-manage-cookies#ie=ie-8\" target=\"_blank\" rel=\"noopener\">Microsoft Internet Explorer 8<\/a>;<\/li>\n<li><a href=\"http:\/\/windows.microsoft.com\/hu-hu\/internet-explorer\/delete-manage-cookies#ie=ie-9\" target=\"_blank\" rel=\"noopener\">Microsoft Internet Explorer 9<\/a>;<\/li>\n<li><a href=\"http:\/\/windows.microsoft.com\/hu-hu\/internet-explorer\/delete-manage-cookies#ie=ie-10\" target=\"_blank\" rel=\"noopener\">Microsoft Internet Explorer 10<\/a>;<\/li>\n<li><a href=\"http:\/\/windows.microsoft.com\/hu-hu\/internet-explorer\/delete-manage-cookies#ie=ie-11\" target=\"_blank\" rel=\"noopener\">Microsoft Internet Explorer 11<\/a>;<\/li>\n<li><a href=\"https:\/\/support.apple.com\/kb\/index?page=search&amp;q=cookies%20safari\" target=\"_blank\" rel=\"noopener\">Safari<\/a><\/li>\n<\/ul>\n<p align=\"justify\">Vannak olyan b\u00f6ng\u00e9sz\u0151k is, amik a biztons\u00e1gi szintek \u00e1ll\u00edt\u00e1s\u00e1val teszik lehet\u0151v\u00e9 a s\u00fctik korl\u00e1toz\u00e1s\u00e1t.<\/p>\n<p>Tov\u00e1bbi inform\u00e1ci\u00f3k a s\u00fctikkel kapcsolatban:<\/p>\n<p>Nemzeti Adatv\u00e9delmi \u00e9s Inform\u00e1ci\u00f3szabads\u00e1g Hat\u00f3s\u00e1g:\u00a0<a href=\"http:\/\/www.naih.hu\/\" target=\"_blank\" rel=\"noopener\">http:\/\/www.naih.hu<\/a><\/p>\n<p>\u00c1ltal\u00e1nos t\u00e1j\u00e9koztat\u00f3:\u00a0<a href=\"https:\/\/hu.wikipedia.org\/wiki\/HTTP-s%C3%BCti\" target=\"_blank\" rel=\"noopener\">http:\/\/hu.wikipedia.org\/wiki\/HTTP-s\u00fcti<\/a><\/p>\n<\/div><\/section><\/div><\/p>\n","protected":false},"excerpt":{"rendered":"","protected":false},"author":1,"featured_media":0,"parent":0,"menu_order":0,"comment_status":"closed","ping_status":"closed","template":"","meta":{"footnotes":""},"class_list":["post-10086","page","type-page","status-publish","hentry"],"_links":{"self":[{"href":"https:\/\/patentkftedenyfenekgyartas.hu\/ru\/wp-json\/wp\/v2\/pages\/10086","targetHints":{"allow":["GET"]}}],"collection":[{"href":"https:\/\/patentkftedenyfenekgyartas.hu\/ru\/wp-json\/wp\/v2\/pages"}],"about":[{"href":"https:\/\/patentkftedenyfenekgyartas.hu\/ru\/wp-json\/wp\/v2\/types\/page"}],"author":[{"embeddable":true,"href":"https:\/\/patentkftedenyfenekgyartas.hu\/ru\/wp-json\/wp\/v2\/users\/1"}],"replies":[{"embeddable":true,"href":"https:\/\/patentkftedenyfenekgyartas.hu\/ru\/wp-json\/wp\/v2\/comments?post=10086"}],"version-history":[{"count":2,"href":"https:\/\/patentkftedenyfenekgyartas.hu\/ru\/wp-json\/wp\/v2\/pages\/10086\/revisions"}],"predecessor-version":[{"id":13244,"href":"https:\/\/patentkftedenyfenekgyartas.hu\/ru\/wp-json\/wp\/v2\/pages\/10086\/revisions\/13244"}],"wp:attachment":[{"href":"https:\/\/patentkftedenyfenekgyartas.hu\/ru\/wp-json\/wp\/v2\/media?parent=10086"}],"curies":[{"name":"wp","href":"https:\/\/api.w.org\/{rel}","templated":true}]}}