{"id":9411,"date":"2017-02-02T14:27:30","date_gmt":"2017-02-02T14:27:30","guid":{"rendered":"https:\/\/patentkftedenyfenekgyartas.hu\/kapcsolat\/"},"modified":"2024-08-02T11:04:26","modified_gmt":"2024-08-02T11:04:26","slug":"contact-us","status":"publish","type":"page","link":"https:\/\/patentkftedenyfenekgyartas.hu\/en\/contact-us\/","title":{"rendered":"Contact Us"},"content":{"rendered":"<div  class='av_gmaps_sc_main_wrap av_gmaps_main_wrap '><div id='av_gmap_0' class='avia-google-map-container avia-google-map-sc av_gmaps_show_unconditionally av-no-fallback-img ' data-mapid='av_gmap_0'  style='height: 390px;'><a class=\"av_gmaps_browser_disabled av_text_confirm_link av_text_confirm_link_visible\" href=\"https:\/\/www.google.com\/maps\/search\/?api=1&#038;query=B\u00fcrgeh\u00e1zd\u0171l\u0151%20Pf.261%202700%20Cegl\u00e9d%20%20Magyarorsz\u00e1g\" target=\"_blank\">Maps were disabled by the visitor on this site. Click to open the map in a new window.<\/a><\/div><\/div>\n<div id='av_section_1'  class='avia-section av-b60pk-75438bb94b713ccbefe6e0a07d831249 main_color avia-section-default avia-no-border-styling  avia-builder-el-1  el_after_av_google_map  el_before_av_section  avia-bg-style-scroll container_wrap sidebar_right'  ><div class='container av-section-cont-open' ><div class='template-page content  av-content-small alpha units'><div class='post-entry post-entry-type-page post-entry-9411'><div class='entry-content-wrapper clearfix'>\n\n<style type=\"text\/css\" data-created_by=\"avia_inline_auto\" id=\"style-css-av-b8b9s-2e081fb3127d871aea6b2f6f1e37641f\">\n.flex_column.av-b8b9s-2e081fb3127d871aea6b2f6f1e37641f{\nborder-radius:0px 0px 0px 0px;\npadding:0px 0px 0px 0px;\n}\n<\/style>\n<div  class='flex_column av-b8b9s-2e081fb3127d871aea6b2f6f1e37641f av_one_fourth  avia-builder-el-2  el_before_av_one_half  avia-builder-el-first  first flex_column_div av-zero-column-padding  '     ><\/div>\n<style type=\"text\/css\" data-created_by=\"avia_inline_auto\" id=\"style-css-av-deiuw-c17055ede35f778acd4aa70196383ac8\">\n.flex_column.av-deiuw-c17055ede35f778acd4aa70196383ac8{\nborder-radius:0px 0px 0px 0px;\npadding:0px 0px 0px 0px;\n}\n<\/style>\n<div  class='flex_column av-deiuw-c17055ede35f778acd4aa70196383ac8 av_one_half  avia-builder-el-3  el_after_av_one_fourth  el_before_av_one_fourth  flex_column_div av-zero-column-padding  '     ><section  class='av_textblock_section av-kv6ut1cz-6aac01aa03fee77b41be5bd54bdea843 '   itemscope=\"itemscope\" itemtype=\"https:\/\/schema.org\/CreativeWork\" ><div class='avia_textblock'  itemprop=\"text\" ><p style=\"text-align: center; margin-bottom: 0px;\"><strong style=\"color: #333;\">At our premises in Cegl\u00e9d (which is a 40-minute drive from Budapest by choosing the M0 and M4 routes), we produce lids and bottoms up to (5000 mm) diameter and (15 mm) wall thickness from stainless steel.<\/strong><\/p>\n<\/div><\/section><\/div>\n<style type=\"text\/css\" data-created_by=\"avia_inline_auto\" id=\"style-css-av-7uzzk-be6057fa18644d65d5664c3223ee937b\">\n.flex_column.av-7uzzk-be6057fa18644d65d5664c3223ee937b{\nborder-radius:0px 0px 0px 0px;\npadding:0px 0px 0px 0px;\n}\n<\/style>\n<div  class='flex_column av-7uzzk-be6057fa18644d65d5664c3223ee937b av_one_fourth  avia-builder-el-5  el_after_av_one_half  avia-builder-el-last  flex_column_div av-zero-column-padding  '     ><\/div><\/div><\/div><\/div><!-- close content main div --><\/div><\/div><div id='av_section_2'  class='avia-section av-396xns-f1ebc1b9f5815c36e24cd9dfbf6def89 main_color avia-section-default avia-no-shadow  avia-builder-el-6  el_after_av_section  avia-builder-el-last  avia-bg-style-scroll container_wrap sidebar_right'  ><div class='container av-section-cont-open' ><div class='template-page content  av-content-small alpha units'><div class='post-entry post-entry-type-page post-entry-9411'><div class='entry-content-wrapper clearfix'>\n\n<style type=\"text\/css\" data-created_by=\"avia_inline_auto\" id=\"style-css-av-9q7kj-fa5d89e18de18e37ad64d74b8f6544cb\">\n#top .av-special-heading.av-9q7kj-fa5d89e18de18e37ad64d74b8f6544cb{\npadding-bottom:20px;\nfont-size:40px;\n}\nbody .av-special-heading.av-9q7kj-fa5d89e18de18e37ad64d74b8f6544cb .av-special-heading-tag .heading-char{\nfont-size:25px;\n}\n#top #wrap_all .av-special-heading.av-9q7kj-fa5d89e18de18e37ad64d74b8f6544cb .av-special-heading-tag{\nfont-size:40px;\n}\n.av-special-heading.av-9q7kj-fa5d89e18de18e37ad64d74b8f6544cb .av-subheading{\nfont-size:15px;\n}\n\n@media only screen and (min-width: 480px) and (max-width: 767px){ \n#top #wrap_all .av-special-heading.av-9q7kj-fa5d89e18de18e37ad64d74b8f6544cb .av-special-heading-tag{\nfont-size:0.8em;\n}\n}\n\n@media only screen and (max-width: 479px){ \n#top #wrap_all .av-special-heading.av-9q7kj-fa5d89e18de18e37ad64d74b8f6544cb .av-special-heading-tag{\nfont-size:0.8em;\n}\n}\n<\/style>\n<div  class='av-special-heading av-9q7kj-fa5d89e18de18e37ad64d74b8f6544cb av-special-heading-h2 blockquote modern-quote  avia-builder-el-7  el_before_av_one_half  avia-builder-el-first  av-inherit-size'><h2 class='av-special-heading-tag '  itemprop=\"headline\"  >Contact Us<\/h2><div class=\"special-heading-border\"><div class=\"special-heading-inner-border\"><\/div><\/div><\/div>\n\n<style type=\"text\/css\" data-created_by=\"avia_inline_auto\" id=\"style-css-av-an80g-1d4d49e213b94b81fd78542f9c7c9fda\">\n.flex_column.av-an80g-1d4d49e213b94b81fd78542f9c7c9fda{\nborder-radius:0px 0px 0px 0px;\npadding:0px 0px 0px 0px;\n}\n<\/style>\n<div  class='flex_column av-an80g-1d4d49e213b94b81fd78542f9c7c9fda av_one_half  avia-builder-el-8  el_after_av_heading  el_before_av_one_half  first flex_column_div av-zero-column-padding  '     ><form action=\"https:\/\/patentkftedenyfenekgyartas.hu\/en\/contact-us\/\" method=\"post\" data-fields-with-error=\"Found errors in the following field(s):\" class=\"avia_ajax_form av-form-labels-hidden   avia-builder-el-9  avia-builder-el-no-sibling   \" data-avia-form-id=\"1\" data-avia-redirect='https:\/\/patentkftedenyfenekgyartas.hu\/en\/thank-you-for-your-enquiry\/' ><fieldset><p class='  first_form  form_element form_element_half' id='element_avia_1_1'><label for=\"avia_1_1\">Name <abbr class=\"required\" title=\"required\">*<\/abbr><\/label> <input name=\"avia_1_1\" class=\"text_input is_empty\" type=\"text\" id=\"avia_1_1\" value=\"\"  placeholder='Name*'\/><\/p><p class='  form_element form_element_half' id='element_avia_2_1'><label for=\"avia_2_1\">E-mail <abbr class=\"required\" title=\"required\">*<\/abbr><\/label> <input name=\"avia_2_1\" class=\"text_input is_email\" type=\"text\" id=\"avia_2_1\" value=\"\"  placeholder='E-mail*'\/><\/p><p class='  first_form  form_element form_fullwidth' id='element_avia_3_1'><label for=\"avia_3_1\">Subject <abbr class=\"required\" title=\"required\">*<\/abbr><\/label> <input name=\"avia_3_1\" class=\"text_input is_empty\" type=\"text\" id=\"avia_3_1\" value=\"\"  placeholder='Subject*'\/><\/p><p class='  first_form  form_element form_fullwidth' id='element_avia_4_1'><label for=\"avia_4_1\" class=\"textare_label hidden textare_label_avia_4_1\">Message <abbr class=\"required\" title=\"required\">*<\/abbr><\/label><textarea  placeholder='Message*' name=\"avia_4_1\" class=\"text_area is_empty\" cols=\"40\" rows=\"7\" id=\"avia_4_1\" ><\/textarea><\/p><p class=\"hidden\"><input type=\"text\" name=\"avia_5_1\" class=\"hidden \" id=\"avia_5_1\" value=\"\" \/><\/p><p class=' av_form_privacy_check av_contact_privacy_check first_form  form_element form_fullwidth' id='element_avia_6_1'><input  name=\"avia_6_1\" class=\"input_checkbox is_empty\" type=\"checkbox\" id=\"avia_6_1\" value=\"true\"\/><label class=\"input_checkbox_label\" for=\"avia_6_1\">I read and accept the following: <a href=\"privacy-policy\" target=\"_blank\">Privacy Policy<\/a>. <abbr class=\"required\" title=\"required\">*<\/abbr><\/label><\/p><p class=\"form_element \"><input type=\"hidden\" value=\"1\" name=\"avia_generated_form1\" \/><input type=\"submit\" value=\"Send message\" class=\"button\"  data-sending-label=\"Sending\"\/><\/p><\/fieldset><\/form><div id=\"ajaxresponse_1\" class=\"ajaxresponse ajaxresponse_1 hidden\"><\/div><\/div>\n<style type=\"text\/css\" data-created_by=\"avia_inline_auto\" id=\"style-css-av-1w7imw-892520f60b5b11ff218a6f124153e985\">\n.flex_column.av-1w7imw-892520f60b5b11ff218a6f124153e985{\nborder-radius:0px 0px 0px 0px;\npadding:0px 0px 0px 0px;\n}\n<\/style>\n<div  class='flex_column av-1w7imw-892520f60b5b11ff218a6f124153e985 av_one_half  avia-builder-el-10  el_after_av_one_half  avia-builder-el-last  flex_column_div av-zero-column-padding  '     ><section  class='av_textblock_section av-1qb4sw-4b60c081f98b93f199a51c8bc644eed9 '   itemscope=\"itemscope\" itemtype=\"https:\/\/schema.org\/CreativeWork\" ><div class='avia_textblock'  itemprop=\"text\" ><h4>GPS COORDINATES<\/h4>\n<p><strong>N:<\/strong> 47.1859243\u00b0<br \/>\n<strong>E:<\/strong> 19.8241090\u00b0<\/p>\n<h4>ADDRESS<\/h4>\n<p>2700 Cegl\u00e9d, B\u00fcrgeh\u00e1z d\u0171l\u0151 0827\/4<br \/>\n<strong>Mail address:<\/strong> 2700 Cegl\u00e9d, Pf. 261<\/p>\n<p><strong>Billing address (head office):<\/strong><br \/>\n2700 Cegl\u00e9d, B\u00fcrgeh\u00e1z d\u0171l\u0151 0827\/4<\/p>\n<h4>PHONE<\/h4>\n<p><a class=\"contact-phone\" href=\"tel:+3653505570\">+36 53 505-570<\/a><br \/>\n<a class=\"contact-phone\" href=\"tel:+36303284752\">+36 30 328-4752<\/a><br \/>\n<a class=\"contact-phone\" href=\"tel:+36303286419\">+36 30 328-6419<\/a><\/p>\n<h4>FAX<\/h4>\n<p>+36 (53) 505-578<\/p>\n<h4>E-MAIL<\/h4>\n<p><strong>Requests for quotations, commercial enquiries:<\/strong><br \/>\n<strong style=\"color: #333;\">Contact: <\/strong><a class=\"contact-email\" href=\"mailto:sales@patent.hu\">sales@patent.hu<\/a><\/p>\n<\/div><\/section><\/div>\n<\/div><\/div><\/div><!-- close content main div --><\/div><\/div><div id='after_section_2'  class='main_color av_default_container_wrap container_wrap sidebar_right'  ><div class='container av-section-cont-open' ><div class='template-page content  av-content-small alpha units'><div class='post-entry post-entry-type-page post-entry-9411'><div class='entry-content-wrapper clearfix'><\/p>\n","protected":false},"excerpt":{"rendered":"","protected":false},"author":1,"featured_media":0,"parent":0,"menu_order":0,"comment_status":"closed","ping_status":"closed","template":"","meta":{"footnotes":""},"class_list":["post-9411","page","type-page","status-publish","hentry"],"_links":{"self":[{"href":"https:\/\/patentkftedenyfenekgyartas.hu\/en\/wp-json\/wp\/v2\/pages\/9411","targetHints":{"allow":["GET"]}}],"collection":[{"href":"https:\/\/patentkftedenyfenekgyartas.hu\/en\/wp-json\/wp\/v2\/pages"}],"about":[{"href":"https:\/\/patentkftedenyfenekgyartas.hu\/en\/wp-json\/wp\/v2\/types\/page"}],"author":[{"embeddable":true,"href":"https:\/\/patentkftedenyfenekgyartas.hu\/en\/wp-json\/wp\/v2\/users\/1"}],"replies":[{"embeddable":true,"href":"https:\/\/patentkftedenyfenekgyartas.hu\/en\/wp-json\/wp\/v2\/comments?post=9411"}],"version-history":[{"count":14,"href":"https:\/\/patentkftedenyfenekgyartas.hu\/en\/wp-json\/wp\/v2\/pages\/9411\/revisions"}],"predecessor-version":[{"id":14510,"href":"https:\/\/patentkftedenyfenekgyartas.hu\/en\/wp-json\/wp\/v2\/pages\/9411\/revisions\/14510"}],"wp:attachment":[{"href":"https:\/\/patentkftedenyfenekgyartas.hu\/en\/wp-json\/wp\/v2\/media?parent=9411"}],"curies":[{"name":"wp","href":"https:\/\/api.w.org\/{rel}","templated":true}]}}