{"id":9537,"date":"2019-10-29T20:17:06","date_gmt":"2019-10-29T20:17:06","guid":{"rendered":"https:\/\/patentkftedenyfenekgyartas.hu\/sutikezelesi-szabalyzat\/"},"modified":"2021-11-29T11:22:44","modified_gmt":"2021-11-29T11:22:44","slug":"cookie-richtlinie","status":"publish","type":"page","link":"https:\/\/patentkftedenyfenekgyartas.hu\/de\/cookie-richtlinie\/","title":{"rendered":"Cookie-Richtlinie"},"content":{"rendered":"<div id='av_section_1'  class='avia-section av-32fjyy-e5aa770658799292cac85d063556219c main_color avia-section-default avia-no-shadow  avia-builder-el-0  el_before_av_one_full  avia-builder-el-first  avia-bg-style-scroll container_wrap sidebar_right'  ><div class='container av-section-cont-open' ><main  role=\"main\" itemprop=\"mainContentOfPage\"  class='template-page content  av-content-small alpha units'><div class='post-entry post-entry-type-page post-entry-9537'><div class='entry-content-wrapper clearfix'>\n\n<style type=\"text\/css\" data-created_by=\"avia_inline_auto\" id=\"style-css-av-kwkkzvch-e4111474a33ebf7f881f620dada2766e\">\n#top .av-special-heading.av-kwkkzvch-e4111474a33ebf7f881f620dada2766e{\npadding-bottom:0;\n}\nbody .av-special-heading.av-kwkkzvch-e4111474a33ebf7f881f620dada2766e .av-special-heading-tag .heading-char{\nfont-size:25px;\n}\n.av-special-heading.av-kwkkzvch-e4111474a33ebf7f881f620dada2766e .av-subheading{\nfont-size:15px;\n}\n<\/style>\n<div  class='av-special-heading av-kwkkzvch-e4111474a33ebf7f881f620dada2766e av-special-heading-h1 blockquote modern-quote modern-centered  avia-builder-el-1  el_before_av_hr  avia-builder-el-first '><h1 class='av-special-heading-tag '  itemprop=\"headline\"  >Cookie-Richtlinie<\/h1><div class=\"special-heading-border\"><div class=\"special-heading-inner-border\"><\/div><\/div><\/div>\n\n<style type=\"text\/css\" data-created_by=\"avia_inline_auto\" id=\"style-css-av-k2hb5hcq-8e6384854d4aee9a168f0af94ac998ed\">\n#top .hr.av-k2hb5hcq-8e6384854d4aee9a168f0af94ac998ed{\nmargin-top:20px;\nmargin-bottom:0px;\n}\n.hr.av-k2hb5hcq-8e6384854d4aee9a168f0af94ac998ed .hr-inner{\nwidth:75px;\nborder-color:#12498c;\n}\n<\/style>\n<div  class='hr av-k2hb5hcq-8e6384854d4aee9a168f0af94ac998ed hr-custom  avia-builder-el-2  el_after_av_heading  avia-builder-el-last  hr-center hr-icon-no'><span class='hr-inner inner-border-av-border-thin'><span class=\"hr-inner-style\"><\/span><\/span><\/div>\n<\/div><\/div><\/main><!-- close content main element --><\/div><\/div><div id='after_section_1'  class='main_color av_default_container_wrap container_wrap sidebar_right'  ><div class='container av-section-cont-open' ><div class='template-page content  av-content-small alpha units'><div class='post-entry post-entry-type-page post-entry-9537'><div class='entry-content-wrapper clearfix'>\n<style type=\"text\/css\" data-created_by=\"avia_inline_auto\" id=\"style-css-av-20jqpq-46e100bc14bfba77e6b47b9673fafe5b\">\n.flex_column.av-20jqpq-46e100bc14bfba77e6b47b9673fafe5b{\nborder-radius:0px 0px 0px 0px;\npadding:0px 0px 0px 0px;\n}\n<\/style>\n<div  class='flex_column av-20jqpq-46e100bc14bfba77e6b47b9673fafe5b av_one_full  avia-builder-el-3  el_after_av_section  avia-builder-el-no-sibling  first flex_column_div av-zero-column-padding  '     ><section  class='av_textblock_section av-k2cal0vm-e9e13af6b2ff5f32c5e82eeedb95e8a6 '   itemscope=\"itemscope\" itemtype=\"https:\/\/schema.org\/CreativeWork\" ><div class='avia_textblock'  itemprop=\"text\" ><style type=\"text\/css\">\nh2 {<br \/>\tfont-size: 21px;<br \/>    font-weight: bold;<br \/>    margin: 20px 0;<br \/>}<br \/><\/style>\n<p align=\"justify\">Wir verwenden Cookies auf unserer Website, um Ihren Besuch effizienter zu machen und Ihnen mehr Benutzerfreundlichkeit bieten zu k\u00f6nnen.<\/p>\n<h2>Was sind Cookies?<\/h2>\n<p align=\"justify\">Cookies sind kleine Dateien, die von einer Website gesendet und w\u00e4hrend des Zugriffs auf die Seite auf dem Ger\u00e4t des Nutzers gespeichert werden. Cookies werden zu verschiedenen Zwecken genutzt, zum Beispiel um auf der Website Informationen \u00fcber Aktivit\u00e4ten bei vorherigen Besuchen zu speichern, damit Sie die Seite bequemer und effizienter nutzen k\u00f6nnen, um Ihre Pr\u00e4ferenzen zu speichern, die Navigation auf der Seite zu erm\u00f6glichen, sowie um zu pr\u00fcfen, ob Sie sich bereits auf der Seite registriert haben oder ob Sie einen Einkauf t\u00e4tigen m\u00f6chten. Cookies k\u00f6nnen auch dazu beitragen, dass die eingeblendeten Werbeanzeigen besser auf Sie und Ihre Interessen zugeschnitten sind.<\/p>\n<p align=\"justify\">Die Nutzung von Cookies schadet Ihrem Computer in keinster Weise, und sie werden \u00fcblicherweise nach einer bestimmten Zeit (z.B. sechs Monaten) automatisch gel\u00f6scht. Weitere Informationen zu Cookies finden Sie unter:\u00a0<a href=\"http:\/\/www.allaboutcookies.org\/\" target=\"_blank\" rel=\"noopener noreferrer\">www.allaboutcookies.org<\/a>.<\/p>\n<h2>Verwendet Zimmer auf seiner Website Cookies?<\/h2>\n<p align=\"justify\">Ja. Wir nutzen Cookies, wie quasi alle anderen Websites auch. So k\u00f6nnen wir feststellen, ob ein Nutzer die Website bereits zuvor besucht hat, wie viele Nutzer unsere Website besuchen, welche Seiten besucht werden, und ob beim Laden und Navigieren der Seiten technische Probleme auftraten. Indem wir diese Informationen sammeln, finden wir heraus, welche Seiten f\u00fcr unsere Nutzer am hilfreichsten sind, und k\u00f6nnen auch das allgemeine Interesse an unserer Website verfolgen. Zudem k\u00f6nnen wir technische Probleme bei der Nutzung unserer Website identifizieren und umgehend beheben. So stellen wir sicher, dass unsere Seiten optimal funktionieren und wir das Angebot f\u00fcr unsere Besucher st\u00e4ndig verbessern.<\/p>\n<h2>Muss ich die Nutzung von Cookies zulassen, um diese Website zu nutzen?<\/h2>\n<p align=\"justify\">Nein. Sie k\u00f6nnen die Nutzung von Cookies unterbinden, indem Sie die Cookie-Funktion in Ihrem Browser deaktivieren. Wenn Sie dies tun, werden jedoch einige Teile unserer Website und vieler anderer Seiten nicht richtig funktionieren. Wenn Sie zum Beispiel etwas \u00fcber unsere Seite kaufen oder ein Passwort f\u00fcr einen zugangsbeschr\u00e4nkten Bereich eingeben, ist dies nur m\u00f6glich, wenn die Website Sie \u00fcber Cookies authentifizieren kann.<\/p>\n<h2>Welche Arten von Cookies werden auf dieser Website verwendet?<\/h2>\n<p align=\"justify\">Auf unserer Website werden drei Arten von Cookies verwendet:<\/p>\n<p align=\"justify\"><b>Zwingend notwendige (oder essentielle) Cookies.<\/b>\u00a0Diese Cookies sind unbedingt notwendig, damit Sie auf der Website navigieren und ihre Funktionen und Services nutzen k\u00f6nnen. Ohne diese Cookies w\u00e4ren diese Dienstleistungen nicht verf\u00fcgbar. Dies umfasst zum Beispiel die Nutzung der Website als registrierter Besucher, den Zugriff auf beschr\u00e4nkte Bereiche der Website oder Eink\u00e4ufe, die \u00fcber die Seite get\u00e4tigt werden. Wie alle \u00f6ffentlichen Websites verwendet unsere Seite solche zwingend notwendigen Cookies.<\/p>\n<p align=\"justify\"><b>Performance-Cookies.<\/b>\u00a0Diese Cookies sammeln Informationen dar\u00fcber, wie Besucher unsere Website nutzen, zum Beispiel welche Seiten sie am h\u00e4ufigsten ansehen und ob sie Fehlermeldungen von den Seiten erhalten. Diese Cookies sammeln keine Informationen, mit denen einzelne Nutzer identifiziert werden k\u00f6nnen. Die gesammelten Informationen werden zusammengefasst und anonymisiert. Sie werden nur dazu verwendet, unsere Website zu optimieren. Wie beinahe alle Websites verwendet unsere Seite solche Performance-Cookies.<\/p>\n<p align=\"justify\"><b>Functionality cookies.<\/b>\u00a0Mit Hilfe dieser Cookies werden auf der Website die Auswahlen gespeichert, die Sie zuvor getroffen haben (z.B. Benutzername, Sprache oder Region). So k\u00f6nnen auf der Seite pers\u00f6nliche, auf Sie abgestimmte Funktionen angeboten werden, was die Nutzung f\u00fcr Sie angenehmer macht. Die Informationen, die durch die Cookies gesammelt werden, sind grunds\u00e4tzlich anonym und umfassen keine Aktivit\u00e4ten auf anderen Websites. Wie beinahe alle Websites verwendet unsere Seite solche Functionality-Cookies.<\/p>\n<h2>Was geschieht, wenn ich Cookies in meinem Browser zulasse?<\/h2>\n<p align=\"justify\">Indem Sie unsere Website und Online-Dienste nutzen, stimmen Sie zu, dass dabei Cookies und \u00e4hnliche Technologien auf Ihrem Ger\u00e4t gespeichert werden, sofern Sie diese nicht zuvor deaktiviert haben.<\/p>\n<h2>Wie kann ich die Nutzung von Cookies und \u00e4hnlichen Web-Technologien verhindern?<\/h2>\n<p align=\"justify\">Sie k\u00f6nnen die Nutzung von Cookies auf zwei Arten unterbinden:<\/p>\n<p align=\"justify\">Sie k\u00f6nnen entweder die Konfiguration Ihres Browsers \u00e4ndern und die Verwendung von Cookies deaktivieren. Auch dann k\u00f6nnen Sie unsere Website noch besuchen, obwohl sie bestimmte Funktionen unter Umst\u00e4nden nicht nutzen k\u00f6nnen.<\/p>\n<p align=\"justify\">Oder Sie klicken auf den untenstehenden Link, um die Nutzung von nicht essentiellen Cookies und \u00e4hnlichen Technologien abzustellen. Sie k\u00f6nnen au\u00dferdem die Web-Beacons, die auf dieser Seite verwendet werden, deaktivieren, indem Sie auf die untenstehende Schaltfl\u00e4che klicken. Bitte beachten Sie, dass bestimmte Funktionen hinsichtlich Inhalt und Pr\u00e4sentation auf diesen Technologien beruhen, und dass ohne die Nutzung bestimmter Cookies die Funktionalit\u00e4t und Nutzung der Website beeintr\u00e4chtigt werden kann. Wenn Sie der Verwendung von Cookies widersprechen, werden diese deaktiviert, und die oben beschriebenen Funktionen k\u00f6nnen nicht mehr ausgef\u00fchrt werden. Wir m\u00f6chten Sie au\u00dferdem darauf hinweisen, dass der deaktivierte Code f\u00fcr diese Cookies trotzdem noch auf Ihrem Computer oder anderen Ger\u00e4ten vorhanden sein wird und dass die Cookies in Ihrem Browser aufgef\u00fchrt werden, es sei denn, Sie entfernen Sie komplett \u00fcber die Einstellungen in Ihrem Browser. Hinweise dazu finden Sie auf\u00a0<a href=\"http:\/\/www.aboutcookies.org\/\" target=\"_blank\" rel=\"noopener noreferrer\">www.aboutcookies.org<\/a>.<\/p>\n<h2>Erlaubt Zimmer, dass Dritte Cookies und \u00e4hnliche Web-Technologien auf der Website des Unternehmens installieren?<\/h2>\n<p align=\"justify\">Im Allgemeinen lassen wir nicht zu, dass Dritte (zum Beispiel Werbeanbieter) auf unserer Website Cookies installieren oder verhaltensbezogene Werbung betreiben. Auf einigen unserer Seiten, zum Beispiel auf den Seiten sozialer Netzwerke, k\u00f6nnen jedoch Nutzer Inhalte von Drittanbietern hochladen (z.B. Youtube-Videos u.\u00e4.) oder Inhalte einbetten und Tools von Drittanbieter-Seiten teilen. Da wir die Nutzung von Cookies auf anderen Seiten, die nicht von Zimmer betrieben werden, nicht kontrollieren k\u00f6nnen, sollten Sie auf den Websites der betreffenden Drittanbieter Informationen dazu einholen, ob und wie Sie dort der Nutzung von Cookies widersprechen k\u00f6nnen. Sie k\u00f6nnen jedoch auch Cookies von Drittanbietern \u00fcber Ihre Browser-Einstellungen deaktivieren. Weitere Hinweise finden Sie unter\u00a0<a href=\"http:\/\/www.aboutcookies.org\/\" target=\"_blank\" rel=\"noopener noreferrer\">www.aboutcookies.org<\/a>.<\/p>\n<\/div><\/section><\/div><\/p>\n","protected":false},"excerpt":{"rendered":"","protected":false},"author":1,"featured_media":0,"parent":0,"menu_order":0,"comment_status":"closed","ping_status":"closed","template":"","meta":{"footnotes":""},"class_list":["post-9537","page","type-page","status-publish","hentry"],"_links":{"self":[{"href":"https:\/\/patentkftedenyfenekgyartas.hu\/de\/wp-json\/wp\/v2\/pages\/9537","targetHints":{"allow":["GET"]}}],"collection":[{"href":"https:\/\/patentkftedenyfenekgyartas.hu\/de\/wp-json\/wp\/v2\/pages"}],"about":[{"href":"https:\/\/patentkftedenyfenekgyartas.hu\/de\/wp-json\/wp\/v2\/types\/page"}],"author":[{"embeddable":true,"href":"https:\/\/patentkftedenyfenekgyartas.hu\/de\/wp-json\/wp\/v2\/users\/1"}],"replies":[{"embeddable":true,"href":"https:\/\/patentkftedenyfenekgyartas.hu\/de\/wp-json\/wp\/v2\/comments?post=9537"}],"version-history":[{"count":4,"href":"https:\/\/patentkftedenyfenekgyartas.hu\/de\/wp-json\/wp\/v2\/pages\/9537\/revisions"}],"predecessor-version":[{"id":9939,"href":"https:\/\/patentkftedenyfenekgyartas.hu\/de\/wp-json\/wp\/v2\/pages\/9537\/revisions\/9939"}],"wp:attachment":[{"href":"https:\/\/patentkftedenyfenekgyartas.hu\/de\/wp-json\/wp\/v2\/media?parent=9537"}],"curies":[{"name":"wp","href":"https:\/\/api.w.org\/{rel}","templated":true}]}}