{"id":9516,"date":"2021-10-11T14:43:13","date_gmt":"2021-10-11T14:43:13","guid":{"rendered":"https:\/\/patentkftedenyfenekgyartas.hu\/gombsuvegek\/"},"modified":"2023-02-07T10:56:40","modified_gmt":"2023-02-07T10:56:40","slug":"gewoelbte-scheiben","status":"publish","type":"page","link":"https:\/\/patentkftedenyfenekgyartas.hu\/de\/gewoelbte-scheiben\/","title":{"rendered":"Gew\u00f6lbte Scheiben"},"content":{"rendered":"\t\t<div data-elementor-type=\"wp-page\" data-elementor-id=\"9516\" class=\"elementor elementor-9516 elementor-7366\" data-elementor-post-type=\"page\">\n\t\t\t\t\t\t<section class=\"elementor-section elementor-top-section elementor-element elementor-element-7fc1c3e elementor-section-boxed elementor-section-height-default elementor-section-height-default\" data-id=\"7fc1c3e\" data-element_type=\"section\" data-e-type=\"section\" data-settings=\"{&quot;background_background&quot;:&quot;classic&quot;}\">\n\t\t\t\t\t\t<div class=\"elementor-container elementor-column-gap-default\">\n\t\t\t\t\t<div class=\"elementor-column elementor-col-100 elementor-top-column elementor-element elementor-element-33acccf\" data-id=\"33acccf\" data-element_type=\"column\" data-e-type=\"column\">\n\t\t\t<div class=\"elementor-widget-wrap elementor-element-populated\">\n\t\t\t\t\t\t\t<\/div>\n\t\t<\/div>\n\t\t\t\t\t<\/div>\n\t\t<\/section>\n\t\t\t\t<section class=\"elementor-section elementor-top-section elementor-element elementor-element-daa55be elementor-section-boxed elementor-section-height-default elementor-section-height-default\" data-id=\"daa55be\" data-element_type=\"section\" data-e-type=\"section\">\n\t\t\t\t\t\t<div class=\"elementor-container elementor-column-gap-default\">\n\t\t\t\t\t<div class=\"elementor-column elementor-col-66 elementor-top-column elementor-element elementor-element-361e538\" data-id=\"361e538\" data-element_type=\"column\" data-e-type=\"column\">\n\t\t\t<div class=\"elementor-widget-wrap elementor-element-populated\">\n\t\t\t\t\t\t<div class=\"elementor-element elementor-element-ea974cf elementor-widget elementor-widget-image\" data-id=\"ea974cf\" data-element_type=\"widget\" data-e-type=\"widget\" data-widget_type=\"image.default\">\n\t\t\t\t<div class=\"elementor-widget-container\">\n\t\t\t\t\t\t\t\t\t\t\t\t\t\t\t<img fetchpriority=\"high\" decoding=\"async\" width=\"470\" height=\"241\" src=\"https:\/\/patentkftedenyfenekgyartas.hu\/ptnt17\/wp-content\/uploads\/gombsuvegek-rajz.jpg\" class=\"attachment-full size-full wp-image-9517\" alt=\"\" srcset=\"https:\/\/patentkftedenyfenekgyartas.hu\/ptnt17\/wp-content\/uploads\/gombsuvegek-rajz.jpg 470w, https:\/\/patentkftedenyfenekgyartas.hu\/ptnt17\/wp-content\/uploads\/gombsuvegek-rajz-300x154.jpg 300w\" sizes=\"(max-width: 470px) 100vw, 470px\" \/>\t\t\t\t\t\t\t\t\t\t\t\t\t\t\t<\/div>\n\t\t\t\t<\/div>\n\t\t\t\t\t<\/div>\n\t\t<\/div>\n\t\t\t\t<div class=\"elementor-column elementor-col-33 elementor-top-column elementor-element elementor-element-9cf952e\" data-id=\"9cf952e\" data-element_type=\"column\" data-e-type=\"column\" data-settings=\"{&quot;background_background&quot;:&quot;classic&quot;}\">\n\t\t\t<div class=\"elementor-widget-wrap elementor-element-populated\">\n\t\t\t\t\t\t<section class=\"elementor-section elementor-inner-section elementor-element elementor-element-e47292b elementor-section-boxed elementor-section-height-default elementor-section-height-default\" data-id=\"e47292b\" data-element_type=\"section\" data-e-type=\"section\" data-settings=\"{&quot;background_background&quot;:&quot;classic&quot;}\">\n\t\t\t\t\t\t<div class=\"elementor-container elementor-column-gap-default\">\n\t\t\t\t\t<div class=\"elementor-column elementor-col-100 elementor-inner-column elementor-element elementor-element-bfbaa2d\" data-id=\"bfbaa2d\" data-element_type=\"column\" data-e-type=\"column\">\n\t\t\t<div class=\"elementor-widget-wrap elementor-element-populated\">\n\t\t\t\t\t\t<div class=\"elementor-element elementor-element-83a41f4 elementor-widget elementor-widget-text-editor\" data-id=\"83a41f4\" data-element_type=\"widget\" data-e-type=\"widget\" data-widget_type=\"text-editor.default\">\n\t\t\t\t<div class=\"elementor-widget-container\">\n\t\t\t\t\t\t\t\t\t<h5>Abk\u00fcrzungen der<br \/>technischen Daten:<\/h5><p>D = \u00e4u\u00dferer Scheibendurchmesser<br \/>R = W\u00f6lbungsradius<br \/>s = Wanddicke<br \/>H = Gesamte innere H\u00f6he ohne gerader Flansch<br \/>h = H\u00f6he des geraden Flansches<br \/>Ht = Gesamte \u00e4u\u00dfere H\u00f6he = H+h+s<\/p>\t\t\t\t\t\t\t\t<\/div>\n\t\t\t\t<\/div>\n\t\t\t\t\t<\/div>\n\t\t<\/div>\n\t\t\t\t\t<\/div>\n\t\t<\/section>\n\t\t\t\t\t<\/div>\n\t\t<\/div>\n\t\t\t\t\t<\/div>\n\t\t<\/section>\n\t\t\t\t<section class=\"elementor-section elementor-top-section elementor-element elementor-element-b3eceb1 elementor-section-boxed elementor-section-height-default elementor-section-height-default\" data-id=\"b3eceb1\" data-element_type=\"section\" data-e-type=\"section\">\n\t\t\t\t\t\t<div class=\"elementor-container elementor-column-gap-default\">\n\t\t\t\t\t<div class=\"elementor-column elementor-col-100 elementor-top-column elementor-element elementor-element-ec5041c\" data-id=\"ec5041c\" data-element_type=\"column\" data-e-type=\"column\">\n\t\t\t<div class=\"elementor-widget-wrap elementor-element-populated\">\n\t\t\t\t\t\t<div class=\"elementor-element elementor-element-537f0be elementor-widget elementor-widget-text-editor\" data-id=\"537f0be\" data-element_type=\"widget\" data-e-type=\"widget\" data-widget_type=\"text-editor.default\">\n\t\t\t\t<div class=\"elementor-widget-container\">\n\t\t\t\t\t\t\t\t\t<h5>Gew\u00f6lbte Scheiben k\u00f6nnen mit den folgenden Radius- und Wandst\u00e4rkenbereichen in unserem Betrieb gefertigt werden:<\/h5><p><strong>Radius:<\/strong> von 700 bis 5000 mm<br \/><strong>Wanddicke:<\/strong> von 3 bis 32 mm<\/p>\t\t\t\t\t\t\t\t<\/div>\n\t\t\t\t<\/div>\n\t\t\t\t\t<\/div>\n\t\t<\/div>\n\t\t\t\t\t<\/div>\n\t\t<\/section>\n\t\t\t\t<section class=\"elementor-section elementor-top-section elementor-element elementor-element-df963bb elementor-section-full_width elementor-section-height-default elementor-section-height-default\" data-id=\"df963bb\" data-element_type=\"section\" data-e-type=\"section\">\n\t\t\t\t\t\t<div class=\"elementor-container elementor-column-gap-no\">\n\t\t\t\t\t<div class=\"elementor-column elementor-col-100 elementor-top-column elementor-element elementor-element-b090014\" data-id=\"b090014\" data-element_type=\"column\" data-e-type=\"column\">\n\t\t\t<div class=\"elementor-widget-wrap elementor-element-populated\">\n\t\t\t\t\t\t<div class=\"elementor-element elementor-element-f6a1953 elementor-widget elementor-widget-template\" data-id=\"f6a1953\" data-element_type=\"widget\" data-e-type=\"widget\" data-widget_type=\"template.default\">\n\t\t\t\t<div class=\"elementor-widget-container\">\n\t\t\t\t\t\t\t<div class=\"elementor-template\">\n\t\t\t\t\t<div data-elementor-type=\"section\" data-elementor-id=\"9806\" class=\"elementor elementor-9806\" data-elementor-post-type=\"elementor_library\">\n\t\t\t\t\t<section class=\"elementor-section elementor-top-section elementor-element elementor-element-829975e elementor-section-boxed elementor-section-height-default elementor-section-height-default\" data-id=\"829975e\" data-element_type=\"section\" data-e-type=\"section\" data-settings=\"{&quot;background_background&quot;:&quot;gradient&quot;}\">\n\t\t\t\t\t\t<div class=\"elementor-container elementor-column-gap-default\">\n\t\t\t\t\t<div class=\"elementor-column elementor-col-100 elementor-top-column elementor-element elementor-element-3a08de33\" data-id=\"3a08de33\" data-element_type=\"column\" data-e-type=\"column\">\n\t\t\t<div class=\"elementor-widget-wrap elementor-element-populated\">\n\t\t\t\t\t\t<div class=\"elementor-element elementor-element-3ba8f4bc elementor-widget elementor-widget-heading\" data-id=\"3ba8f4bc\" data-element_type=\"widget\" data-e-type=\"widget\" data-widget_type=\"heading.default\">\n\t\t\t\t<div class=\"elementor-widget-container\">\n\t\t\t\t\t<h2 class=\"elementor-heading-title elementor-size-default\">Kontaktieren Sie uns und fordern Sie ein Angebot an!<\/h2>\t\t\t\t<\/div>\n\t\t\t\t<\/div>\n\t\t\t\t<div class=\"elementor-element elementor-element-36fef1f3 elementor-widget elementor-widget-heading\" data-id=\"36fef1f3\" data-element_type=\"widget\" data-e-type=\"widget\" data-widget_type=\"heading.default\">\n\t\t\t\t<div class=\"elementor-widget-container\">\n\t\t\t\t\t<h3 class=\"elementor-heading-title elementor-size-default\">Unsere Mitarbeiter geben Ihnen gerne umfassende Informationen.<\/h3>\t\t\t\t<\/div>\n\t\t\t\t<\/div>\n\t\t\t\t<div class=\"elementor-element elementor-element-188a2678 elementor-align-center elementor-widget elementor-widget-button\" data-id=\"188a2678\" data-element_type=\"widget\" data-e-type=\"widget\" data-widget_type=\"button.default\">\n\t\t\t\t<div class=\"elementor-widget-container\">\n\t\t\t\t\t\t\t\t\t<div class=\"elementor-button-wrapper\">\n\t\t\t\t\t<a class=\"elementor-button elementor-button-link elementor-size-md\" href=\"https:\/\/patentkftedenyfenekgyartas.hu\/de\/kontakt\/\">\n\t\t\t\t\t\t<span class=\"elementor-button-content-wrapper\">\n\t\t\t\t\t\t\t\t\t<span class=\"elementor-button-text\">Kontakt<\/span>\n\t\t\t\t\t<\/span>\n\t\t\t\t\t<\/a>\n\t\t\t\t<\/div>\n\t\t\t\t\t\t\t\t<\/div>\n\t\t\t\t<\/div>\n\t\t\t\t\t<\/div>\n\t\t<\/div>\n\t\t\t\t\t<\/div>\n\t\t<\/section>\n\t\t\t\t<\/div>\n\t\t\t\t<\/div>\n\t\t\t\t\t\t<\/div>\n\t\t\t\t<\/div>\n\t\t\t\t\t<\/div>\n\t\t<\/div>\n\t\t\t\t\t<\/div>\n\t\t<\/section>\n\t\t\t\t<\/div>\n\t\t","protected":false},"excerpt":{"rendered":"<p>Abk\u00fcrzungen dertechnischen Daten: D = \u00e4u\u00dferer ScheibendurchmesserR = W\u00f6lbungsradiuss = WanddickeH = Gesamte innere H\u00f6he ohne gerader Flanschh = H\u00f6he des geraden FlanschesHt = Gesamte \u00e4u\u00dfere H\u00f6he = H+h+s Gew\u00f6lbte Scheiben k\u00f6nnen mit den folgenden Radius- und Wandst\u00e4rkenbereichen in unserem Betrieb gefertigt werden: Radius: von 700 bis 5000 mmWanddicke: von 3 bis 32 mm<\/p>\n","protected":false},"author":1,"featured_media":0,"parent":0,"menu_order":0,"comment_status":"closed","ping_status":"closed","template":"elementor_header_footer","meta":{"footnotes":""},"class_list":["post-9516","page","type-page","status-publish","hentry"],"_links":{"self":[{"href":"https:\/\/patentkftedenyfenekgyartas.hu\/de\/wp-json\/wp\/v2\/pages\/9516","targetHints":{"allow":["GET"]}}],"collection":[{"href":"https:\/\/patentkftedenyfenekgyartas.hu\/de\/wp-json\/wp\/v2\/pages"}],"about":[{"href":"https:\/\/patentkftedenyfenekgyartas.hu\/de\/wp-json\/wp\/v2\/types\/page"}],"author":[{"embeddable":true,"href":"https:\/\/patentkftedenyfenekgyartas.hu\/de\/wp-json\/wp\/v2\/users\/1"}],"replies":[{"embeddable":true,"href":"https:\/\/patentkftedenyfenekgyartas.hu\/de\/wp-json\/wp\/v2\/comments?post=9516"}],"version-history":[{"count":21,"href":"https:\/\/patentkftedenyfenekgyartas.hu\/de\/wp-json\/wp\/v2\/pages\/9516\/revisions"}],"predecessor-version":[{"id":14189,"href":"https:\/\/patentkftedenyfenekgyartas.hu\/de\/wp-json\/wp\/v2\/pages\/9516\/revisions\/14189"}],"wp:attachment":[{"href":"https:\/\/patentkftedenyfenekgyartas.hu\/de\/wp-json\/wp\/v2\/media?parent=9516"}],"curies":[{"name":"wp","href":"https:\/\/api.w.org\/{rel}","templated":true}]}}