{"id":9504,"date":"2021-10-11T15:10:15","date_gmt":"2021-10-11T15:10:15","guid":{"rendered":"https:\/\/patentkftedenyfenekgyartas.hu\/sik-edenyfenekek\/"},"modified":"2024-02-15T10:17:06","modified_gmt":"2024-02-15T10:17:06","slug":"flache-boeden","status":"publish","type":"page","link":"https:\/\/patentkftedenyfenekgyartas.hu\/de\/flache-boeden\/","title":{"rendered":"Flache B\u00f6den"},"content":{"rendered":"\t\t<div data-elementor-type=\"wp-page\" data-elementor-id=\"9504\" class=\"elementor elementor-9504 elementor-7390\" data-elementor-post-type=\"page\">\n\t\t\t\t\t\t<section class=\"elementor-section elementor-top-section elementor-element elementor-element-7fc1c3e elementor-section-boxed elementor-section-height-default elementor-section-height-default\" data-id=\"7fc1c3e\" data-element_type=\"section\" data-e-type=\"section\" data-settings=\"{&quot;background_background&quot;:&quot;classic&quot;}\">\n\t\t\t\t\t\t<div class=\"elementor-container elementor-column-gap-default\">\n\t\t\t\t\t<div class=\"elementor-column elementor-col-100 elementor-top-column elementor-element elementor-element-33acccf\" data-id=\"33acccf\" data-element_type=\"column\" data-e-type=\"column\">\n\t\t\t<div class=\"elementor-widget-wrap elementor-element-populated\">\n\t\t\t\t\t\t\t<\/div>\n\t\t<\/div>\n\t\t\t\t\t<\/div>\n\t\t<\/section>\n\t\t\t\t<section class=\"elementor-section elementor-top-section elementor-element elementor-element-daa55be elementor-section-boxed elementor-section-height-default elementor-section-height-default\" data-id=\"daa55be\" data-element_type=\"section\" data-e-type=\"section\">\n\t\t\t\t\t\t<div class=\"elementor-container elementor-column-gap-default\">\n\t\t\t\t\t<div class=\"elementor-column elementor-col-66 elementor-top-column elementor-element elementor-element-361e538\" data-id=\"361e538\" data-element_type=\"column\" data-e-type=\"column\">\n\t\t\t<div class=\"elementor-widget-wrap elementor-element-populated\">\n\t\t\t\t\t\t<div class=\"elementor-element elementor-element-ea974cf elementor-widget elementor-widget-image\" data-id=\"ea974cf\" data-element_type=\"widget\" data-e-type=\"widget\" data-widget_type=\"image.default\">\n\t\t\t\t<div class=\"elementor-widget-container\">\n\t\t\t\t\t\t\t\t\t\t\t\t\t\t\t<img fetchpriority=\"high\" decoding=\"async\" width=\"605\" height=\"122\" src=\"https:\/\/patentkftedenyfenekgyartas.hu\/ptnt17\/wp-content\/uploads\/sik-edenyfenekek-rajz.jpg\" class=\"attachment-large size-large wp-image-9505\" alt=\"\" srcset=\"https:\/\/patentkftedenyfenekgyartas.hu\/ptnt17\/wp-content\/uploads\/sik-edenyfenekek-rajz.jpg 605w, https:\/\/patentkftedenyfenekgyartas.hu\/ptnt17\/wp-content\/uploads\/sik-edenyfenekek-rajz-300x60.jpg 300w\" sizes=\"(max-width: 605px) 100vw, 605px\" \/>\t\t\t\t\t\t\t\t\t\t\t\t\t\t\t<\/div>\n\t\t\t\t<\/div>\n\t\t\t\t<div class=\"elementor-element elementor-element-3f70a10 elementor-widget elementor-widget-image\" data-id=\"3f70a10\" data-element_type=\"widget\" data-e-type=\"widget\" data-widget_type=\"image.default\">\n\t\t\t\t<div class=\"elementor-widget-container\">\n\t\t\t\t\t\t\t\t\t\t\t\t\t\t\t<img decoding=\"async\" width=\"605\" height=\"137\" src=\"https:\/\/patentkftedenyfenekgyartas.hu\/ptnt17\/wp-content\/uploads\/sik-edenyfenekek-02-de.jpg\" class=\"attachment-full size-full wp-image-9770\" alt=\"\" srcset=\"https:\/\/patentkftedenyfenekgyartas.hu\/ptnt17\/wp-content\/uploads\/sik-edenyfenekek-02-de.jpg 605w, https:\/\/patentkftedenyfenekgyartas.hu\/ptnt17\/wp-content\/uploads\/sik-edenyfenekek-02-de-300x68.jpg 300w\" sizes=\"(max-width: 605px) 100vw, 605px\" \/>\t\t\t\t\t\t\t\t\t\t\t\t\t\t\t<\/div>\n\t\t\t\t<\/div>\n\t\t\t\t\t<\/div>\n\t\t<\/div>\n\t\t\t\t<div class=\"elementor-column elementor-col-33 elementor-top-column elementor-element elementor-element-9cf952e\" data-id=\"9cf952e\" data-element_type=\"column\" data-e-type=\"column\" data-settings=\"{&quot;background_background&quot;:&quot;classic&quot;}\">\n\t\t\t<div class=\"elementor-widget-wrap elementor-element-populated\">\n\t\t\t\t\t\t<section class=\"elementor-section elementor-inner-section elementor-element elementor-element-92b4668 elementor-section-boxed elementor-section-height-default elementor-section-height-default\" data-id=\"92b4668\" data-element_type=\"section\" data-e-type=\"section\" data-settings=\"{&quot;background_background&quot;:&quot;classic&quot;}\">\n\t\t\t\t\t\t<div class=\"elementor-container elementor-column-gap-default\">\n\t\t\t\t\t<div class=\"elementor-column elementor-col-100 elementor-inner-column elementor-element elementor-element-fad6f3d\" data-id=\"fad6f3d\" data-element_type=\"column\" data-e-type=\"column\">\n\t\t\t<div class=\"elementor-widget-wrap elementor-element-populated\">\n\t\t\t\t\t\t<div class=\"elementor-element elementor-element-048770f elementor-widget elementor-widget-text-editor\" data-id=\"048770f\" data-element_type=\"widget\" data-e-type=\"widget\" data-widget_type=\"text-editor.default\">\n\t\t\t\t<div class=\"elementor-widget-container\">\n\t\t\t\t\t\t\t\t\t<h5>Abk\u00fcrzungen von<br \/>technischen Daten:<\/h5><p>D<sub>o<\/sub> = \u00e4u\u00dferer Bodendurchmesser<br \/>D<sub>i<\/sub> = innerer Bodendurchmesser<br \/>CR = W\u00f6lbungsradius<br \/>KR = Eckradius<br \/>SF = zylindrische Bordh\u00f6he<br \/>DH = W\u00f6lbungsh\u00f6he<br \/>TH<sub>i<\/sub> = gesamte Bodenh\u00f6he innen<br \/>t = Wanddicke<\/p>\t\t\t\t\t\t\t\t<\/div>\n\t\t\t\t<\/div>\n\t\t\t\t\t<\/div>\n\t\t<\/div>\n\t\t\t\t\t<\/div>\n\t\t<\/section>\n\t\t\t\t\t<\/div>\n\t\t<\/div>\n\t\t\t\t\t<\/div>\n\t\t<\/section>\n\t\t\t\t<section class=\"elementor-section elementor-top-section elementor-element elementor-element-b3eceb1 elementor-section-boxed elementor-section-height-default elementor-section-height-default\" data-id=\"b3eceb1\" data-element_type=\"section\" data-e-type=\"section\">\n\t\t\t\t\t\t<div class=\"elementor-container elementor-column-gap-default\">\n\t\t\t\t\t<div class=\"elementor-column elementor-col-100 elementor-top-column elementor-element elementor-element-ec5041c\" data-id=\"ec5041c\" data-element_type=\"column\" data-e-type=\"column\">\n\t\t\t<div class=\"elementor-widget-wrap elementor-element-populated\">\n\t\t\t\t\t\t<div class=\"elementor-element elementor-element-537f0be elementor-widget elementor-widget-text-editor\" data-id=\"537f0be\" data-element_type=\"widget\" data-e-type=\"widget\" data-widget_type=\"text-editor.default\">\n\t\t\t\t<div class=\"elementor-widget-container\">\n\t\t\t\t\t\t\t\t\t<h5>Flache B\u00f6den k\u00f6nnen mit den folgenden Durchmesser- und Wandst\u00e4rkenbereichen in unserem Betrieb gefertigt werden:<\/h5><p><strong>Durchmesser:<\/strong> von 700 bis 5000 mm<br \/><strong>Wanddicke:<\/strong> von 3 bis 16 mm<br \/><strong>Radius:<\/strong> von 50 bis 400 mm<\/p>\t\t\t\t\t\t\t\t<\/div>\n\t\t\t\t<\/div>\n\t\t\t\t\t<\/div>\n\t\t<\/div>\n\t\t\t\t\t<\/div>\n\t\t<\/section>\n\t\t\t\t<section class=\"elementor-section elementor-top-section elementor-element elementor-element-52ff715 elementor-section-full_width elementor-section-height-default elementor-section-height-default\" data-id=\"52ff715\" data-element_type=\"section\" data-e-type=\"section\">\n\t\t\t\t\t\t<div class=\"elementor-container elementor-column-gap-no\">\n\t\t\t\t\t<div class=\"elementor-column elementor-col-100 elementor-top-column elementor-element elementor-element-f5bc0c3\" data-id=\"f5bc0c3\" data-element_type=\"column\" data-e-type=\"column\">\n\t\t\t<div class=\"elementor-widget-wrap elementor-element-populated\">\n\t\t\t\t\t\t<div class=\"elementor-element elementor-element-f927c2b elementor-widget elementor-widget-template\" data-id=\"f927c2b\" data-element_type=\"widget\" data-e-type=\"widget\" data-widget_type=\"template.default\">\n\t\t\t\t<div class=\"elementor-widget-container\">\n\t\t\t\t\t\t\t<div class=\"elementor-template\">\n\t\t\t\t\t<div data-elementor-type=\"section\" data-elementor-id=\"9806\" class=\"elementor elementor-9806\" data-elementor-post-type=\"elementor_library\">\n\t\t\t\t\t<section class=\"elementor-section elementor-top-section elementor-element elementor-element-829975e elementor-section-boxed elementor-section-height-default elementor-section-height-default\" data-id=\"829975e\" data-element_type=\"section\" data-e-type=\"section\" data-settings=\"{&quot;background_background&quot;:&quot;gradient&quot;}\">\n\t\t\t\t\t\t<div class=\"elementor-container elementor-column-gap-default\">\n\t\t\t\t\t<div class=\"elementor-column elementor-col-100 elementor-top-column elementor-element elementor-element-3a08de33\" data-id=\"3a08de33\" data-element_type=\"column\" data-e-type=\"column\">\n\t\t\t<div class=\"elementor-widget-wrap elementor-element-populated\">\n\t\t\t\t\t\t<div class=\"elementor-element elementor-element-3ba8f4bc elementor-widget elementor-widget-heading\" data-id=\"3ba8f4bc\" data-element_type=\"widget\" data-e-type=\"widget\" data-widget_type=\"heading.default\">\n\t\t\t\t<div class=\"elementor-widget-container\">\n\t\t\t\t\t<h2 class=\"elementor-heading-title elementor-size-default\">Kontaktieren Sie uns und fordern Sie ein Angebot an!<\/h2>\t\t\t\t<\/div>\n\t\t\t\t<\/div>\n\t\t\t\t<div class=\"elementor-element elementor-element-36fef1f3 elementor-widget elementor-widget-heading\" data-id=\"36fef1f3\" data-element_type=\"widget\" data-e-type=\"widget\" data-widget_type=\"heading.default\">\n\t\t\t\t<div class=\"elementor-widget-container\">\n\t\t\t\t\t<h3 class=\"elementor-heading-title elementor-size-default\">Unsere Mitarbeiter geben Ihnen gerne umfassende Informationen.<\/h3>\t\t\t\t<\/div>\n\t\t\t\t<\/div>\n\t\t\t\t<div class=\"elementor-element elementor-element-188a2678 elementor-align-center elementor-widget elementor-widget-button\" data-id=\"188a2678\" data-element_type=\"widget\" data-e-type=\"widget\" data-widget_type=\"button.default\">\n\t\t\t\t<div class=\"elementor-widget-container\">\n\t\t\t\t\t\t\t\t\t<div class=\"elementor-button-wrapper\">\n\t\t\t\t\t<a class=\"elementor-button elementor-button-link elementor-size-md\" href=\"https:\/\/patentkftedenyfenekgyartas.hu\/de\/kontakt\/\">\n\t\t\t\t\t\t<span class=\"elementor-button-content-wrapper\">\n\t\t\t\t\t\t\t\t\t<span class=\"elementor-button-text\">Kontakt<\/span>\n\t\t\t\t\t<\/span>\n\t\t\t\t\t<\/a>\n\t\t\t\t<\/div>\n\t\t\t\t\t\t\t\t<\/div>\n\t\t\t\t<\/div>\n\t\t\t\t\t<\/div>\n\t\t<\/div>\n\t\t\t\t\t<\/div>\n\t\t<\/section>\n\t\t\t\t<\/div>\n\t\t\t\t<\/div>\n\t\t\t\t\t\t<\/div>\n\t\t\t\t<\/div>\n\t\t\t\t\t<\/div>\n\t\t<\/div>\n\t\t\t\t\t<\/div>\n\t\t<\/section>\n\t\t\t\t<\/div>\n\t\t","protected":false},"excerpt":{"rendered":"<p>Abk\u00fcrzungen vontechnischen Daten: Do = \u00e4u\u00dferer BodendurchmesserDi = innerer BodendurchmesserCR = W\u00f6lbungsradiusKR = EckradiusSF = zylindrische Bordh\u00f6heDH = W\u00f6lbungsh\u00f6heTHi = gesamte Bodenh\u00f6he innent = Wanddicke Flache B\u00f6den k\u00f6nnen mit den folgenden Durchmesser- und Wandst\u00e4rkenbereichen in unserem Betrieb gefertigt werden: Durchmesser: von 700 bis 5000 mmWanddicke: von 3 bis 16 mmRadius: von 50 bis 400 mm<\/p>\n","protected":false},"author":1,"featured_media":0,"parent":0,"menu_order":0,"comment_status":"closed","ping_status":"closed","template":"elementor_header_footer","meta":{"footnotes":""},"class_list":["post-9504","page","type-page","status-publish","hentry"],"_links":{"self":[{"href":"https:\/\/patentkftedenyfenekgyartas.hu\/de\/wp-json\/wp\/v2\/pages\/9504","targetHints":{"allow":["GET"]}}],"collection":[{"href":"https:\/\/patentkftedenyfenekgyartas.hu\/de\/wp-json\/wp\/v2\/pages"}],"about":[{"href":"https:\/\/patentkftedenyfenekgyartas.hu\/de\/wp-json\/wp\/v2\/types\/page"}],"author":[{"embeddable":true,"href":"https:\/\/patentkftedenyfenekgyartas.hu\/de\/wp-json\/wp\/v2\/users\/1"}],"replies":[{"embeddable":true,"href":"https:\/\/patentkftedenyfenekgyartas.hu\/de\/wp-json\/wp\/v2\/comments?post=9504"}],"version-history":[{"count":18,"href":"https:\/\/patentkftedenyfenekgyartas.hu\/de\/wp-json\/wp\/v2\/pages\/9504\/revisions"}],"predecessor-version":[{"id":14385,"href":"https:\/\/patentkftedenyfenekgyartas.hu\/de\/wp-json\/wp\/v2\/pages\/9504\/revisions\/14385"}],"wp:attachment":[{"href":"https:\/\/patentkftedenyfenekgyartas.hu\/de\/wp-json\/wp\/v2\/media?parent=9504"}],"curies":[{"name":"wp","href":"https:\/\/api.w.org\/{rel}","templated":true}]}}